{"id":1656,"date":"2021-04-29T19:38:18","date_gmt":"2021-04-29T19:38:18","guid":{"rendered":"https:\/\/casaisabella.si\/book-now\/"},"modified":"2021-05-19T07:56:24","modified_gmt":"2021-05-19T07:56:24","slug":"book-now","status":"publish","type":"page","link":"https:\/\/casaisabella.si\/it\/book-now\/","title":{"rendered":"Book Now"},"content":{"rendered":"<p>[et_pb_section fb_built=&#8221;1&#8243; _builder_version=&#8221;3.22&#8243; custom_padding=&#8221;0px|0px|0|0px|false|false&#8221;][et_pb_row column_structure=&#8221;2_5,3_5&#8243; use_custom_gutter=&#8221;on&#8221; gutter_width=&#8221;1&#8243; make_equal=&#8221;on&#8221; module_class=&#8221; et_pb_row_fullwidth&#8221; _builder_version=&#8221;3.25&#8243; width=&#8221;100%&#8221; width_tablet=&#8221;100%&#8221; width_phone=&#8221;&#8221; width_last_edited=&#8221;on|desktop&#8221; max_width=&#8221;100%&#8221; max_width_tablet=&#8221;100%&#8221; max_width_phone=&#8221;&#8221; max_width_last_edited=&#8221;on|desktop&#8221; custom_padding=&#8221;0|0px|0|0px|false|false&#8221; make_fullwidth=&#8221;on&#8221;][et_pb_column type=&#8221;2_5&#8243; _builder_version=&#8221;3.25&#8243; background_color=&#8221;#262626&#8243; background_color_gradient_direction=&#8221;259deg&#8221; background_image=&#8221;https:\/\/casaisabella.si\/wp-content\/uploads\/2020\/07\/F010633-3y0a6741-photo-m.jpg&#8221; parallax=&#8221;on&#8221; custom_padding=&#8221;|||&#8221; custom_padding__hover=&#8221;|||&#8221;][et_pb_text _builder_version=&#8221;3.27.4&#8243; custom_padding=&#8221;300px||&#8221;][\/et_pb_text][\/et_pb_column][et_pb_column type=&#8221;3_5&#8243; _builder_version=&#8221;3.25&#8243; background_color_gradient_direction=&#8221;99deg&#8221; parallax=&#8221;on&#8221; custom_padding=&#8221;|||&#8221; custom_padding__hover=&#8221;|||&#8221;][et_pb_contact_form email=&#8221;info@casaisabella.si&#8221; title=&#8221;Booking inquiry&#8221; submit_button_text=&#8221;Send request&#8221; _builder_version=&#8221;4.9.0&#8243; form_field_text_color=&#8221;#282828&#8243; title_font=&#8221;||||||||&#8221; title_text_color=&#8221;#000000&#8243; form_field_font=&#8221;||||||||&#8221; form_field_font_size=&#8221;16px&#8221; custom_button=&#8221;on&#8221; button_text_size=&#8221;21px&#8221; button_font=&#8221;||||||||&#8221; button_use_icon=&#8221;off&#8221; custom_margin=&#8221;100px|50px|50px|50px||true&#8221; hover_enabled=&#8221;0&#8243; sticky_enabled=&#8221;0&#8243;][et_pb_contact_field field_id=&#8221;Name&#8221; field_title=&#8221;Name&#8221; _builder_version=&#8221;3.16&#8243; button_text_size__hover_enabled=&#8221;off&#8221; button_one_text_size__hover_enabled=&#8221;off&#8221; button_two_text_size__hover_enabled=&#8221;off&#8221; button_text_color__hover_enabled=&#8221;off&#8221; button_one_text_color__hover_enabled=&#8221;off&#8221; button_two_text_color__hover_enabled=&#8221;off&#8221; button_border_width__hover_enabled=&#8221;off&#8221; button_one_border_width__hover_enabled=&#8221;off&#8221; button_two_border_width__hover_enabled=&#8221;off&#8221; button_border_color__hover_enabled=&#8221;off&#8221; button_one_border_color__hover_enabled=&#8221;off&#8221; button_two_border_color__hover_enabled=&#8221;off&#8221; button_border_radius__hover_enabled=&#8221;off&#8221; button_one_border_radius__hover_enabled=&#8221;off&#8221; button_two_border_radius__hover_enabled=&#8221;off&#8221; button_letter_spacing__hover_enabled=&#8221;off&#8221; button_one_letter_spacing__hover_enabled=&#8221;off&#8221; button_two_letter_spacing__hover_enabled=&#8221;off&#8221; button_bg_color__hover_enabled=&#8221;off&#8221; button_one_bg_color__hover_enabled=&#8221;off&#8221; button_two_bg_color__hover_enabled=&#8221;off&#8221;][\/et_pb_contact_field][et_pb_contact_field field_id=&#8221;Email&#8221; field_title=&#8221;Email Address&#8221; field_type=&#8221;email&#8221; _builder_version=&#8221;3.16&#8243; button_text_size__hover_enabled=&#8221;off&#8221; button_one_text_size__hover_enabled=&#8221;off&#8221; button_two_text_size__hover_enabled=&#8221;off&#8221; button_text_color__hover_enabled=&#8221;off&#8221; button_one_text_color__hover_enabled=&#8221;off&#8221; button_two_text_color__hover_enabled=&#8221;off&#8221; button_border_width__hover_enabled=&#8221;off&#8221; button_one_border_width__hover_enabled=&#8221;off&#8221; button_two_border_width__hover_enabled=&#8221;off&#8221; button_border_color__hover_enabled=&#8221;off&#8221; button_one_border_color__hover_enabled=&#8221;off&#8221; button_two_border_color__hover_enabled=&#8221;off&#8221; button_border_radius__hover_enabled=&#8221;off&#8221; button_one_border_radius__hover_enabled=&#8221;off&#8221; button_two_border_radius__hover_enabled=&#8221;off&#8221; button_letter_spacing__hover_enabled=&#8221;off&#8221; button_one_letter_spacing__hover_enabled=&#8221;off&#8221; button_two_letter_spacing__hover_enabled=&#8221;off&#8221; button_bg_color__hover_enabled=&#8221;off&#8221; button_one_bg_color__hover_enabled=&#8221;off&#8221; button_two_bg_color__hover_enabled=&#8221;off&#8221;][\/et_pb_contact_field][et_pb_contact_field field_id=&#8221;pa-date-time-picker&#8221; field_title=&#8221;Arrival date&#8221; _builder_version=&#8221;3.19&#8243; button_text_size__hover_enabled=&#8221;off&#8221; button_one_text_size__hover_enabled=&#8221;off&#8221; button_two_text_size__hover_enabled=&#8221;off&#8221; button_text_color__hover_enabled=&#8221;off&#8221; button_one_text_color__hover_enabled=&#8221;off&#8221; button_two_text_color__hover_enabled=&#8221;off&#8221; button_border_width__hover_enabled=&#8221;off&#8221; button_one_border_width__hover_enabled=&#8221;off&#8221; button_two_border_width__hover_enabled=&#8221;off&#8221; button_border_color__hover_enabled=&#8221;off&#8221; button_one_border_color__hover_enabled=&#8221;off&#8221; button_two_border_color__hover_enabled=&#8221;off&#8221; button_border_radius__hover_enabled=&#8221;off&#8221; button_one_border_radius__hover_enabled=&#8221;off&#8221; button_two_border_radius__hover_enabled=&#8221;off&#8221; button_letter_spacing__hover_enabled=&#8221;off&#8221; button_one_letter_spacing__hover_enabled=&#8221;off&#8221; button_two_letter_spacing__hover_enabled=&#8221;off&#8221; button_bg_color__hover_enabled=&#8221;off&#8221; button_one_bg_color__hover_enabled=&#8221;off&#8221; button_two_bg_color__hover_enabled=&#8221;off&#8221;][\/et_pb_contact_field][et_pb_contact_field field_id=&#8221;Number_of_nights&#8221; field_title=&#8221;Number of nights&#8221; field_type=&#8221;select&#8221; select_options=&#8221;%91{%22value%22:%221%22,%22checked%22:0,%22dragID%22:-1},{%22dragID%22:0,%22value%22:%222%22,%22checked%22:0},{%22dragID%22:1,%22value%22:%223%22,%22checked%22:0},{%22dragID%22:2,%22value%22:%224%22,%22checked%22:0},{%22dragID%22:3,%22value%22:%225%22,%22checked%22:0},{%22dragID%22:4,%22value%22:%226%22,%22checked%22:0},{%22dragID%22:5,%22value%22:%227%22,%22checked%22:0},{%22dragID%22:6,%22value%22:%228%22,%22checked%22:0},{%22dragID%22:7,%22value%22:%229%22,%22checked%22:0},{%22dragID%22:8,%22value%22:%2210%22,%22checked%22:0},{%22dragID%22:9,%22value%22:%2211%22,%22checked%22:0},{%22dragID%22:10,%22value%22:%2212%22,%22checked%22:0},{%22dragID%22:11,%22value%22:%2213%22,%22checked%22:0},{%22dragID%22:12,%22value%22:%2214%22,%22checked%22:0}%93&#8243; _builder_version=&#8221;3.19&#8243; button_text_size__hover_enabled=&#8221;off&#8221; button_one_text_size__hover_enabled=&#8221;off&#8221; button_two_text_size__hover_enabled=&#8221;off&#8221; button_text_color__hover_enabled=&#8221;off&#8221; button_one_text_color__hover_enabled=&#8221;off&#8221; button_two_text_color__hover_enabled=&#8221;off&#8221; button_border_width__hover_enabled=&#8221;off&#8221; button_one_border_width__hover_enabled=&#8221;off&#8221; button_two_border_width__hover_enabled=&#8221;off&#8221; button_border_color__hover_enabled=&#8221;off&#8221; button_one_border_color__hover_enabled=&#8221;off&#8221; button_two_border_color__hover_enabled=&#8221;off&#8221; button_border_radius__hover_enabled=&#8221;off&#8221; button_one_border_radius__hover_enabled=&#8221;off&#8221; button_two_border_radius__hover_enabled=&#8221;off&#8221; button_letter_spacing__hover_enabled=&#8221;off&#8221; button_one_letter_spacing__hover_enabled=&#8221;off&#8221; button_two_letter_spacing__hover_enabled=&#8221;off&#8221; button_bg_color__hover_enabled=&#8221;off&#8221; button_one_bg_color__hover_enabled=&#8221;off&#8221; button_two_bg_color__hover_enabled=&#8221;off&#8221;][\/et_pb_contact_field][et_pb_contact_field field_id=&#8221;room_type&#8221; field_title=&#8221;Room Type&#8221; field_type=&#8221;select&#8221; select_options=&#8221;%91{%22dragID%22:12,%22value%22:%22Junior Suite%22,%22checked%22:0},{%22value%22:%22Camera doppia%22,%22checked%22:0,%22dragID%22:13},{%22dragID%22:14,%22value%22:%22Camera doppia Superior%22,%22checked%22:0},{%22dragID%22:15,%22value%22:%22Delux double room%22,%22checked%22:0}%93&#8243; _builder_version=&#8221;3.19&#8243; button_text_size__hover_enabled=&#8221;off&#8221; button_one_text_size__hover_enabled=&#8221;off&#8221; button_two_text_size__hover_enabled=&#8221;off&#8221; button_text_color__hover_enabled=&#8221;off&#8221; button_one_text_color__hover_enabled=&#8221;off&#8221; button_two_text_color__hover_enabled=&#8221;off&#8221; button_border_width__hover_enabled=&#8221;off&#8221; button_one_border_width__hover_enabled=&#8221;off&#8221; button_two_border_width__hover_enabled=&#8221;off&#8221; button_border_color__hover_enabled=&#8221;off&#8221; button_one_border_color__hover_enabled=&#8221;off&#8221; button_two_border_color__hover_enabled=&#8221;off&#8221; button_border_radius__hover_enabled=&#8221;off&#8221; button_one_border_radius__hover_enabled=&#8221;off&#8221; button_two_border_radius__hover_enabled=&#8221;off&#8221; button_letter_spacing__hover_enabled=&#8221;off&#8221; button_one_letter_spacing__hover_enabled=&#8221;off&#8221; button_two_letter_spacing__hover_enabled=&#8221;off&#8221; button_bg_color__hover_enabled=&#8221;off&#8221; button_one_bg_color__hover_enabled=&#8221;off&#8221; button_two_bg_color__hover_enabled=&#8221;off&#8221;][\/et_pb_contact_field][et_pb_contact_field field_id=&#8221;Message&#8221; field_title=&#8221;Message&#8221; field_type=&#8221;text&#8221; fullwidth_field=&#8221;on&#8221; _builder_version=&#8221;3.16&#8243; button_text_size__hover_enabled=&#8221;off&#8221; button_one_text_size__hover_enabled=&#8221;off&#8221; button_two_text_size__hover_enabled=&#8221;off&#8221; button_text_color__hover_enabled=&#8221;off&#8221; button_one_text_color__hover_enabled=&#8221;off&#8221; button_two_text_color__hover_enabled=&#8221;off&#8221; button_border_width__hover_enabled=&#8221;off&#8221; button_one_border_width__hover_enabled=&#8221;off&#8221; button_two_border_width__hover_enabled=&#8221;off&#8221; button_border_color__hover_enabled=&#8221;off&#8221; button_one_border_color__hover_enabled=&#8221;off&#8221; button_two_border_color__hover_enabled=&#8221;off&#8221; button_border_radius__hover_enabled=&#8221;off&#8221; button_one_border_radius__hover_enabled=&#8221;off&#8221; button_two_border_radius__hover_enabled=&#8221;off&#8221; button_letter_spacing__hover_enabled=&#8221;off&#8221; button_one_letter_spacing__hover_enabled=&#8221;off&#8221; button_two_letter_spacing__hover_enabled=&#8221;off&#8221; button_bg_color__hover_enabled=&#8221;off&#8221; button_one_bg_color__hover_enabled=&#8221;off&#8221; button_two_bg_color__hover_enabled=&#8221;off&#8221;][\/et_pb_contact_field][et_pb_contact_field field_id=&#8221;gdpr&#8221; field_title=&#8221;GDPR&#8221; field_type=&#8221;radio&#8221; radio_options=&#8221;%91{%22value%22:%22By entering the form, you agree to the General Terms of Use and the Privacy Policy, which you have read under the %92%22General Terms of Use of the Website%92%22 and %92%22Privacy Policy%92%22 categories. By submitting the form, you agree that we may use your personal data entered solely for responding to you.%22,%22checked%22:0,%22dragID%22:-1}%93&#8243; fullwidth_field=&#8221;on&#8221; _builder_version=&#8221;3.19&#8243; form_field_text_color=&#8221;#9b9b9b&#8221; form_field_font=&#8221;||||||||&#8221; form_field_font_size=&#8221;14px&#8221;][\/et_pb_contact_field][\/et_pb_contact_form][\/et_pb_column][\/et_pb_row][\/et_pb_section][et_pb_section fb_built=&#8221;1&#8243; _builder_version=&#8221;3.22&#8243; background_color=&#8221;#232323&#8243; saved_tabs=&#8221;all&#8221;][et_pb_row column_structure=&#8221;1_3,1_3,1_3&#8243; _builder_version=&#8221;3.25&#8243;][et_pb_column type=&#8221;1_3&#8243; _builder_version=&#8221;3.25&#8243; custom_padding=&#8221;|||&#8221; custom_padding__hover=&#8221;|||&#8221;][et_pb_image src=&#8221;https:\/\/casaisabella.si\/wp-content\/uploads\/2020\/07\/logo-white.png&#8221; _builder_version=&#8221;3.23&#8243; max_width=&#8221;60%&#8221; always_center_on_mobile=&#8221;off&#8221;][\/et_pb_image][\/et_pb_column][et_pb_column type=&#8221;1_3&#8243; _builder_version=&#8221;3.25&#8243; custom_padding=&#8221;|||&#8221; custom_padding__hover=&#8221;|||&#8221;][\/et_pb_column][et_pb_column type=&#8221;1_3&#8243; _builder_version=&#8221;3.25&#8243; custom_padding=&#8221;|||&#8221; custom_padding__hover=&#8221;|||&#8221;][et_pb_text _builder_version=&#8221;3.27.4&#8243; text_font=&#8221;||||||||&#8221; text_text_color=&#8221;#ffffff&#8221; text_font_size=&#8221;14px&#8221;]<\/p>\n<p><span style=\"color: #ffffff\"><strong>Tel<\/strong>: +386 41 504 871<\/span><br \/> <span style=\"color: #ffffff\"> <strong> Email<\/strong>: <a href=\"mailto:info@casaisabella.si\" style=\"color: #ffffff\">info@casaisabella.si<\/a><\/span><br \/> <span style=\"color: #ffffff\"> <strong> Indirizzo:<\/strong> Cankarjeva ulica 23, 6000 Koper<\/span><\/p>\n<p>[\/et_pb_text][et_pb_button button_url=&#8221;https:\/\/www.google.com\/maps?q=Casa+Isabella+B%26B&#038;ftid=0x477b689384405535:0x1e68638a09cd3d12&#8243; url_new_window=&#8221;on&#8221; button_text=&#8221;Mostra sulla mappa&#8221; button_alignment=&#8221;left&#8221; _builder_version=&#8221;3.19&#8243;][\/et_pb_button][et_pb_social_media_follow _builder_version=&#8221;3.19&#8243;][et_pb_social_media_follow_network social_network=&#8221;facebook&#8221; url=&#8221;https:\/\/www.facebook.com\/Casa-Isabella-614112892577465\/?modal=admin_todo_tour&#8221; _builder_version=&#8221;3.19&#8243; follow_button=&#8221;off&#8221; url_new_window=&#8221;on&#8221;]facebook[\/et_pb_social_media_follow_network][et_pb_social_media_follow_network social_network=&#8221;instagram&#8221; url=&#8221;https:\/\/instagram.com\/casa_isabella_koper?r=nametag&#8221; _builder_version=&#8221;3.19&#8243; follow_button=&#8221;off&#8221; url_new_window=&#8221;on&#8221;]instagram[\/et_pb_social_media_follow_network][\/et_pb_social_media_follow][\/et_pb_column][\/et_pb_row][\/et_pb_section]<\/p>\n","protected":false},"excerpt":{"rendered":"<p>La vita pu\u00f2 essere come l&#8217;uva Isabella. Fresca e succosa tutto il tempo. E questo \u00e8 il tuo momento. E questo \u00e8 il tuo momento. .<\/p>\n","protected":false},"author":1,"featured_media":1521,"parent":0,"menu_order":0,"comment_status":"closed","ping_status":"closed","template":"","meta":{"_et_pb_use_builder":"on","_et_pb_old_content":"","_et_gb_content_width":"","footnotes":""},"class_list":["post-1656","page","type-page","status-publish","has-post-thumbnail","hentry"],"yoast_head":"<!-- This site is optimized with the Yoast SEO plugin v26.8 - https:\/\/yoast.com\/product\/yoast-seo-wordpress\/ -->\n<title>BOOK NOW - Casa Isabella B&amp;B Koper<\/title>\n<meta name=\"description\" content=\"La vita pu\u00f2 essere come l&#039;uva Isabella. Fresca e succosa tutto il tempo. . Casa Isabella B&amp;B Koper\" \/>\n<meta name=\"robots\" content=\"index, follow, max-snippet:-1, max-image-preview:large, max-video-preview:-1\" \/>\n<link rel=\"canonical\" href=\"https:\/\/casaisabella.si\/it\/book-now\/\" \/>\n<meta property=\"og:locale\" content=\"it_IT\" \/>\n<meta property=\"og:type\" content=\"article\" \/>\n<meta property=\"og:title\" content=\"BOOK NOW - Casa Isabella B&amp;B Koper\" \/>\n<meta property=\"og:description\" content=\"La vita pu\u00f2 essere come l&#039;uva Isabella. Fresca e succosa tutto il tempo. . Casa Isabella B&amp;B Koper\" \/>\n<meta property=\"og:url\" content=\"https:\/\/casaisabella.si\/it\/book-now\/\" \/>\n<meta property=\"og:site_name\" content=\"Casa Isabella B&amp;B\" \/>\n<meta property=\"article:modified_time\" content=\"2021-05-19T07:56:24+00:00\" \/>\n<meta property=\"og:image\" content=\"https:\/\/casaisabella.si\/wp-content\/uploads\/2020\/08\/Double-Superiore-Cassa-Isabella3.jpg\" \/>\n\t<meta property=\"og:image:width\" content=\"1200\" \/>\n\t<meta property=\"og:image:height\" content=\"900\" \/>\n\t<meta property=\"og:image:type\" content=\"image\/jpeg\" \/>\n<meta name=\"twitter:card\" content=\"summary_large_image\" \/>\n<meta name=\"twitter:label1\" content=\"Tempo di lettura stimato\" \/>\n\t<meta name=\"twitter:data1\" content=\"8 minuti\" \/>\n<script type=\"application\/ld+json\" class=\"yoast-schema-graph\">{\"@context\":\"https:\/\/schema.org\",\"@graph\":[{\"@type\":\"WebPage\",\"@id\":\"https:\/\/casaisabella.si\/it\/book-now\/\",\"url\":\"https:\/\/casaisabella.si\/it\/book-now\/\",\"name\":\"BOOK NOW - Casa Isabella B&B Koper\",\"isPartOf\":{\"@id\":\"https:\/\/casaisabella.si\/it\/#website\"},\"primaryImageOfPage\":{\"@id\":\"https:\/\/casaisabella.si\/it\/book-now\/#primaryimage\"},\"image\":{\"@id\":\"https:\/\/casaisabella.si\/it\/book-now\/#primaryimage\"},\"thumbnailUrl\":\"https:\/\/casaisabella.si\/wp-content\/uploads\/2020\/08\/Double-Superiore-Cassa-Isabella3.jpg\",\"datePublished\":\"2021-04-29T19:38:18+00:00\",\"dateModified\":\"2021-05-19T07:56:24+00:00\",\"description\":\"La vita pu\u00f2 essere come l'uva Isabella. Fresca e succosa tutto il tempo. . Casa Isabella B&B Koper\",\"breadcrumb\":{\"@id\":\"https:\/\/casaisabella.si\/it\/book-now\/#breadcrumb\"},\"inLanguage\":\"it-IT\",\"potentialAction\":[{\"@type\":\"ReadAction\",\"target\":[\"https:\/\/casaisabella.si\/it\/book-now\/\"]}]},{\"@type\":\"ImageObject\",\"inLanguage\":\"it-IT\",\"@id\":\"https:\/\/casaisabella.si\/it\/book-now\/#primaryimage\",\"url\":\"https:\/\/casaisabella.si\/wp-content\/uploads\/2020\/08\/Double-Superiore-Cassa-Isabella3.jpg\",\"contentUrl\":\"https:\/\/casaisabella.si\/wp-content\/uploads\/2020\/08\/Double-Superiore-Cassa-Isabella3.jpg\",\"width\":1200,\"height\":900},{\"@type\":\"BreadcrumbList\",\"@id\":\"https:\/\/casaisabella.si\/it\/book-now\/#breadcrumb\",\"itemListElement\":[{\"@type\":\"ListItem\",\"position\":1,\"name\":\"Home\",\"item\":\"https:\/\/casaisabella.si\/it\/\"},{\"@type\":\"ListItem\",\"position\":2,\"name\":\"Book Now\"}]},{\"@type\":\"WebSite\",\"@id\":\"https:\/\/casaisabella.si\/it\/#website\",\"url\":\"https:\/\/casaisabella.si\/it\/\",\"name\":\"Casa Isabella B&amp;B\",\"description\":\"In the heart of Koper City\",\"potentialAction\":[{\"@type\":\"SearchAction\",\"target\":{\"@type\":\"EntryPoint\",\"urlTemplate\":\"https:\/\/casaisabella.si\/it\/?s={search_term_string}\"},\"query-input\":{\"@type\":\"PropertyValueSpecification\",\"valueRequired\":true,\"valueName\":\"search_term_string\"}}],\"inLanguage\":\"it-IT\"}]}<\/script>\n<!-- \/ Yoast SEO plugin. -->","yoast_head_json":{"title":"BOOK NOW - Casa Isabella B&B Koper","description":"La vita pu\u00f2 essere come l'uva Isabella. Fresca e succosa tutto il tempo. . Casa Isabella B&B Koper","robots":{"index":"index","follow":"follow","max-snippet":"max-snippet:-1","max-image-preview":"max-image-preview:large","max-video-preview":"max-video-preview:-1"},"canonical":"https:\/\/casaisabella.si\/it\/book-now\/","og_locale":"it_IT","og_type":"article","og_title":"BOOK NOW - Casa Isabella B&B Koper","og_description":"La vita pu\u00f2 essere come l'uva Isabella. Fresca e succosa tutto il tempo. . Casa Isabella B&B Koper","og_url":"https:\/\/casaisabella.si\/it\/book-now\/","og_site_name":"Casa Isabella B&amp;B","article_modified_time":"2021-05-19T07:56:24+00:00","og_image":[{"width":1200,"height":900,"url":"https:\/\/casaisabella.si\/wp-content\/uploads\/2020\/08\/Double-Superiore-Cassa-Isabella3.jpg","type":"image\/jpeg"}],"twitter_card":"summary_large_image","twitter_misc":{"Tempo di lettura stimato":"8 minuti"},"schema":{"@context":"https:\/\/schema.org","@graph":[{"@type":"WebPage","@id":"https:\/\/casaisabella.si\/it\/book-now\/","url":"https:\/\/casaisabella.si\/it\/book-now\/","name":"BOOK NOW - Casa Isabella B&B Koper","isPartOf":{"@id":"https:\/\/casaisabella.si\/it\/#website"},"primaryImageOfPage":{"@id":"https:\/\/casaisabella.si\/it\/book-now\/#primaryimage"},"image":{"@id":"https:\/\/casaisabella.si\/it\/book-now\/#primaryimage"},"thumbnailUrl":"https:\/\/casaisabella.si\/wp-content\/uploads\/2020\/08\/Double-Superiore-Cassa-Isabella3.jpg","datePublished":"2021-04-29T19:38:18+00:00","dateModified":"2021-05-19T07:56:24+00:00","description":"La vita pu\u00f2 essere come l'uva Isabella. Fresca e succosa tutto il tempo. . Casa Isabella B&B Koper","breadcrumb":{"@id":"https:\/\/casaisabella.si\/it\/book-now\/#breadcrumb"},"inLanguage":"it-IT","potentialAction":[{"@type":"ReadAction","target":["https:\/\/casaisabella.si\/it\/book-now\/"]}]},{"@type":"ImageObject","inLanguage":"it-IT","@id":"https:\/\/casaisabella.si\/it\/book-now\/#primaryimage","url":"https:\/\/casaisabella.si\/wp-content\/uploads\/2020\/08\/Double-Superiore-Cassa-Isabella3.jpg","contentUrl":"https:\/\/casaisabella.si\/wp-content\/uploads\/2020\/08\/Double-Superiore-Cassa-Isabella3.jpg","width":1200,"height":900},{"@type":"BreadcrumbList","@id":"https:\/\/casaisabella.si\/it\/book-now\/#breadcrumb","itemListElement":[{"@type":"ListItem","position":1,"name":"Home","item":"https:\/\/casaisabella.si\/it\/"},{"@type":"ListItem","position":2,"name":"Book Now"}]},{"@type":"WebSite","@id":"https:\/\/casaisabella.si\/it\/#website","url":"https:\/\/casaisabella.si\/it\/","name":"Casa Isabella B&amp;B","description":"In the heart of Koper City","potentialAction":[{"@type":"SearchAction","target":{"@type":"EntryPoint","urlTemplate":"https:\/\/casaisabella.si\/it\/?s={search_term_string}"},"query-input":{"@type":"PropertyValueSpecification","valueRequired":true,"valueName":"search_term_string"}}],"inLanguage":"it-IT"}]}},"_links":{"self":[{"href":"https:\/\/casaisabella.si\/it\/wp-json\/wp\/v2\/pages\/1656","targetHints":{"allow":["GET"]}}],"collection":[{"href":"https:\/\/casaisabella.si\/it\/wp-json\/wp\/v2\/pages"}],"about":[{"href":"https:\/\/casaisabella.si\/it\/wp-json\/wp\/v2\/types\/page"}],"author":[{"embeddable":true,"href":"https:\/\/casaisabella.si\/it\/wp-json\/wp\/v2\/users\/1"}],"replies":[{"embeddable":true,"href":"https:\/\/casaisabella.si\/it\/wp-json\/wp\/v2\/comments?post=1656"}],"version-history":[{"count":0,"href":"https:\/\/casaisabella.si\/it\/wp-json\/wp\/v2\/pages\/1656\/revisions"}],"wp:featuredmedia":[{"embeddable":true,"href":"https:\/\/casaisabella.si\/it\/wp-json\/wp\/v2\/media\/1521"}],"wp:attachment":[{"href":"https:\/\/casaisabella.si\/it\/wp-json\/wp\/v2\/media?parent=1656"}],"curies":[{"name":"wp","href":"https:\/\/api.w.org\/{rel}","templated":true}]}}