{"id":1584,"date":"2021-02-15T12:33:50","date_gmt":"2021-02-15T12:33:50","guid":{"rendered":"https:\/\/casaisabella.si\/posizione\/"},"modified":"2021-02-15T12:35:37","modified_gmt":"2021-02-15T12:35:37","slug":"posizione","status":"publish","type":"page","link":"https:\/\/casaisabella.si\/it\/posizione\/","title":{"rendered":"Posizione"},"content":{"rendered":"<p>[et_pb_section fb_built=&#8221;1&#8243; _builder_version=&#8221;3.22&#8243; custom_padding=&#8221;0px|0px|0|0px|false|false&#8221;][et_pb_row use_custom_gutter=&#8221;on&#8221; gutter_width=&#8221;1&#8243; make_equal=&#8221;on&#8221; module_class=&#8221; et_pb_row_fullwidth&#8221; _builder_version=&#8221;3.25&#8243; width=&#8221;100%&#8221; width_tablet=&#8221;100%&#8221; width_last_edited=&#8221;on|desktop&#8221; max_width=&#8221;100%&#8221; max_width_tablet=&#8221;100%&#8221; max_width_last_edited=&#8221;on|desktop&#8221; custom_padding=&#8221;0|0px|0|0px|false|false&#8221; make_fullwidth=&#8221;on&#8221; column_structure=&#8221;3_5,2_5&#8243;][et_pb_column type=&#8221;3_5&#8243; _builder_version=&#8221;3.25&#8243; background_color_gradient_direction=&#8221;259deg&#8221; background_image=&#8221;https:\/\/casaisabella.si\/wp-content\/uploads\/2020\/07\/Exteriro-Casa-Isabella4.jpg&#8221; custom_padding=&#8221;|||&#8221; custom_padding__hover=&#8221;|||&#8221;][et_pb_text _builder_version=&#8221;3.27.4&#8243; custom_padding=&#8221;300px||&#8221;][\/et_pb_text][\/et_pb_column][et_pb_column type=&#8221;2_5&#8243; _builder_version=&#8221;3.25&#8243; background_color=&#8221;#262626&#8243; background_color_gradient_direction=&#8221;99deg&#8221; parallax=&#8221;on&#8221; custom_padding=&#8221;|||&#8221; custom_padding__hover=&#8221;|||&#8221;][et_pb_text _builder_version=&#8221;3.27.4&#8243; text_font=&#8221;||||||||&#8221; text_line_height=&#8221;1.4em&#8221; header_font=&#8221;||||||||&#8221; header_text_align=&#8221;left&#8221; header_text_color=&#8221;#ffffff&#8221; header_font_size=&#8221;55px&#8221; header_line_height=&#8221;70px&#8221; header_2_font=&#8221;||||||||&#8221; header_2_text_color=&#8221;#ffffff&#8221; header_3_font=&#8221;||||||||&#8221; header_3_font_size=&#8221;44px&#8221; custom_margin=&#8221;100px|40px|50px|100px|false|false&#8221; custom_margin_tablet=&#8221;&#8221; custom_margin_phone=&#8221;100px|30px|100px|50px&#8221; custom_margin_last_edited=&#8221;on|phone&#8221; header_font_size_tablet=&#8221;&#8221; header_font_size_phone=&#8221;47px&#8221; header_font_size_last_edited=&#8221;on|phone&#8221; header_line_height_tablet=&#8221;&#8221; header_line_height_phone=&#8221;30px&#8221; header_line_height_last_edited=&#8221;on|phone&#8221;]<\/p>\n<h1 style=\"text-align: left;\">Posizione e contatto<\/h1>\n<p>&nbsp;<\/p>\n<h2><span style=\"color: #ffffff;\"><strong>Tel<\/strong>: +386 41 504 871<\/span><br \/> <span style=\"color: #ffffff;\"> <strong> Email<\/strong>: <a href=\"mailto:info@casaisabella.si\" style=\"color: #ffffff;\">info@casaisabella.si<\/a><\/span><br \/> <span style=\"color: #ffffff;\"> <strong> Indirizzo:\u00a0<\/strong>Cankarjeva ulica 23, 6000 Koper<\/span><\/h2>\n<p>&nbsp;<\/p>\n<p>[\/et_pb_text][et_pb_button button_url=&#8221;https:\/\/casaisabella.si\/book-now\/&#8221; button_text=&#8221;Book now&#8221; button_alignment=&#8221;left&#8221; _builder_version=&#8221;3.19&#8243; custom_button=&#8221;on&#8221; button_text_size=&#8221;16px&#8221; button_font=&#8221;||||||||&#8221; button_use_icon=&#8221;off&#8221; custom_margin=&#8221;||350px|100px&#8221; custom_margin_tablet=&#8221;&#8221; custom_margin_phone=&#8221;||60px|50px&#8221; custom_margin_last_edited=&#8221;on|phone&#8221;][\/et_pb_button][\/et_pb_column][\/et_pb_row][\/et_pb_section][et_pb_section fb_built=&#8221;1&#8243; _builder_version=&#8221;3.22&#8243; custom_margin=&#8221;0px||&#8221; custom_padding=&#8221;0|0px|0|0px|false|false&#8221;][et_pb_row use_custom_gutter=&#8221;on&#8221; gutter_width=&#8221;1&#8243; make_equal=&#8221;on&#8221; module_class=&#8221; et_pb_row_fullwidth&#8221; _builder_version=&#8221;4.9.0&#8243; width=&#8221;100%&#8221; width_tablet=&#8221;100%&#8221; width_last_edited=&#8221;on|desktop&#8221; max_width=&#8221;100%&#8221; max_width_tablet=&#8221;100%&#8221; max_width_last_edited=&#8221;on|desktop&#8221; custom_margin=&#8221;|||&#8221; custom_padding=&#8221;0||0|0px|false|false&#8221; hover_enabled=&#8221;0&#8243; make_fullwidth=&#8221;on&#8221; column_structure=&#8221;1_2,1_2&#8243; sticky_enabled=&#8221;0&#8243;][et_pb_column type=&#8221;1_2&#8243; _builder_version=&#8221;4.9.0&#8243; background_color=&#8221;rgba(0,0,0,0.86)&#8221; background_color_gradient_direction=&#8221;90deg&#8221; background_image=&#8221;https:\/\/casaisabella.si\/wp-content\/uploads\/2020\/07\/IMG_20200426_001205_800.jpg&#8221; custom_padding=&#8221;50px|50px|20px|50px&#8221; custom_padding_phone=&#8221;50px||50px&#8221; custom_padding_last_edited=&#8221;on|phone&#8221; hover_enabled=&#8221;0&#8243; padding_phone=&#8221;50px||50px&#8221; padding_last_edited=&#8221;on|phone&#8221; custom_padding__hover=&#8221;|||&#8221; sticky_enabled=&#8221;0&#8243;][et_pb_text _builder_version=&#8221;3.27.4&#8243; text_font=&#8221;||||||||&#8221; text_text_color=&#8221;#ffffff&#8221; header_font=&#8221;||||||||&#8221; header_text_color=&#8221;#ffffff&#8221; header_font_size=&#8221;38px&#8221; header_2_font=&#8221;||||||||&#8221; header_2_font_size=&#8221;29px&#8221; header_3_font=&#8221;||||||||&#8221; header_3_font_size=&#8221;23px&#8221; header_4_font=&#8221;||||||||&#8221; header_4_font_size=&#8221;21px&#8221; header_4_line_height=&#8221;1.6em&#8221; background_color=&#8221;rgba(0,0,0,0.86)&#8221; background_layout=&#8221;dark&#8221; custom_margin=&#8221;||&#8221; custom_padding=&#8221;30px|50px|30px|50px|true|true&#8221;]<\/p>\n<h1>Esplora nelle vicinanze<\/h1>\n<ul>\n<li>Spiaggia di Koper 300 m<\/li>\n<li>Cantina Bri? 5 km<\/li>\n<li>Catina Vinakoper 3 km<\/li>\n<li>Valle del fiume Dragonja 6 km<\/li>\n<li>La Riserva Naturale \u0160kocjanski zatok 2 km<\/li>\n<li>Vilaggio di Hrastovlje 5 km<\/li>\n<li>Castello di Socerb<\/li>\n<li>Izola 6 km<\/li>\n<li>Trieste 12 km<\/li>\n<li>Portoro\u017e 11.7 km<\/li>\n<li>Piran 12 km<\/li>\n<li>Lipica 17<\/li>\n<\/ul>\n<p>[\/et_pb_text][\/et_pb_column][et_pb_column type=&#8221;1_2&#8243; _builder_version=&#8221;3.25&#8243; background_color=&#8221;rgba(0,0,0,0.11)&#8221; background_video_width=&#8221;100%&#8221; custom_padding=&#8221;|||&#8221; custom_padding__hover=&#8221;|||&#8221;][et_pb_code _builder_version=&#8221;3.19&#8243;]<iframe loading=\"lazy\" src=\"https:\/\/www.google.com\/maps\/embed?pb=!1m18!1m12!1m3!1d2794.0971951711476!2d13.731687015560249!3d45.548370279102066!2m3!1f0!2f0!3f0!3m2!1i1024!2i768!4f13.1!3m3!1m2!1s0x477b689384405535%3A0x1e68638a09cd3d12!2sCasa%20Isabella%20B%26B!5e0!3m2!1sen!2shr!4v1596616831555!5m2!1sen!2shr\" width=\"100%\" height=\"700\" frameborder=\"0\" style=\"border:0;\" allowfullscreen=\"\" aria-hidden=\"false\" tabindex=\"0\"><\/iframe>[\/et_pb_code][\/et_pb_column][\/et_pb_row][\/et_pb_section][et_pb_section fb_built=&#8221;1&#8243; _builder_version=&#8221;3.22&#8243; background_color=&#8221;#232323&#8243; saved_tabs=&#8221;all&#8221;][et_pb_row _builder_version=&#8221;3.25&#8243; column_structure=&#8221;1_3,1_3,1_3&#8243;][et_pb_column type=&#8221;1_3&#8243; _builder_version=&#8221;3.25&#8243; custom_padding=&#8221;|||&#8221; custom_padding__hover=&#8221;|||&#8221;][et_pb_image src=&#8221;https:\/\/casaisabella.si\/wp-content\/uploads\/2020\/07\/logo-white.png&#8221; _builder_version=&#8221;3.23&#8243; max_width=&#8221;60%&#8221; always_center_on_mobile=&#8221;off&#8221;][\/et_pb_image][\/et_pb_column][et_pb_column type=&#8221;1_3&#8243; _builder_version=&#8221;3.25&#8243; custom_padding=&#8221;|||&#8221; custom_padding__hover=&#8221;|||&#8221;][\/et_pb_column][et_pb_column type=&#8221;1_3&#8243; _builder_version=&#8221;3.25&#8243; custom_padding=&#8221;|||&#8221; custom_padding__hover=&#8221;|||&#8221;][et_pb_text _builder_version=&#8221;3.27.4&#8243; text_font=&#8221;||||||||&#8221; text_text_color=&#8221;#ffffff&#8221; text_font_size=&#8221;14px&#8221;]<\/p>\n<p><span style=\"color: #ffffff;\"><strong>Tel<\/strong>: +386 41 504 871<\/span><br \/> <span style=\"color: #ffffff;\"> <strong> Email<\/strong>: <a href=\"mailto:info@casaisabella.si\" style=\"color: #ffffff;\">info@casaisabella.si<\/a><\/span><br \/> <span style=\"color: #ffffff;\"> <strong> Indirizzo:<\/strong> Cankarjeva ulica 23, 6000 Koper<\/span><\/p>\n<p>[\/et_pb_text][et_pb_button button_url=&#8221;https:\/\/www.google.com\/maps?q=Casa+Isabella+B%26B&#038;ftid=0x477b689384405535:0x1e68638a09cd3d12&#8243; url_new_window=&#8221;on&#8221; button_text=&#8221;Mostra sulla mappa&#8221; button_alignment=&#8221;left&#8221; _builder_version=&#8221;3.19&#8243;][\/et_pb_button][et_pb_social_media_follow _builder_version=&#8221;3.19&#8243;][et_pb_social_media_follow_network social_network=&#8221;facebook&#8221; url=&#8221;https:\/\/www.facebook.com\/Casa-Isabella-614112892577465\/?modal=admin_todo_tour&#8221; _builder_version=&#8221;3.19&#8243; follow_button=&#8221;off&#8221; url_new_window=&#8221;on&#8221;]facebook[\/et_pb_social_media_follow_network][et_pb_social_media_follow_network social_network=&#8221;instagram&#8221; url=&#8221;https:\/\/instagram.com\/casa_isabella_koper?r=nametag&#8221; _builder_version=&#8221;3.19&#8243; follow_button=&#8221;off&#8221; url_new_window=&#8221;on&#8221;]instagram[\/et_pb_social_media_follow_network][\/et_pb_social_media_follow][\/et_pb_column][\/et_pb_row][\/et_pb_section]<\/p>\n","protected":false},"excerpt":{"rendered":"<p>La vita pu\u00f2 essere come l&#8217;uva Isabella. Fresca e succosa tutto il tempo. E questo \u00e8 il tuo momento. E questo \u00e8 il tuo momento. .<\/p>\n","protected":false},"author":1,"featured_media":1587,"parent":0,"menu_order":0,"comment_status":"closed","ping_status":"closed","template":"","meta":{"_et_pb_use_builder":"on","_et_pb_old_content":"","_et_gb_content_width":"","footnotes":""},"class_list":["post-1584","page","type-page","status-publish","has-post-thumbnail","hentry"],"yoast_head":"<!-- This site is optimized with the Yoast SEO plugin v26.8 - https:\/\/yoast.com\/product\/yoast-seo-wordpress\/ -->\n<title>Casa Isabella B&amp;B Koper<\/title>\n<meta name=\"description\" content=\"La vita pu\u00f2 essere come l&#039;uva Isabella. Fresca e succosa tutto il tempo. . Casa Isabella B&amp;B Koper\" \/>\n<meta name=\"robots\" content=\"index, follow, max-snippet:-1, max-image-preview:large, max-video-preview:-1\" \/>\n<link rel=\"canonical\" href=\"https:\/\/casaisabella.si\/it\/posizione\/\" \/>\n<meta property=\"og:locale\" content=\"it_IT\" \/>\n<meta property=\"og:type\" content=\"article\" \/>\n<meta property=\"og:title\" content=\"Casa Isabella B&amp;B Koper\" \/>\n<meta property=\"og:description\" content=\"La vita pu\u00f2 essere come l&#039;uva Isabella. Fresca e succosa tutto il tempo. . Casa Isabella B&amp;B Koper\" \/>\n<meta property=\"og:url\" content=\"https:\/\/casaisabella.si\/it\/posizione\/\" \/>\n<meta property=\"og:site_name\" content=\"Casa Isabella B&amp;B\" \/>\n<meta property=\"article:modified_time\" content=\"2021-02-15T12:35:37+00:00\" \/>\n<meta property=\"og:image\" content=\"https:\/\/casaisabella.si\/wp-content\/uploads\/2020\/08\/IMG_20200122_165445_108.jpg\" \/>\n\t<meta property=\"og:image:width\" content=\"400\" \/>\n\t<meta property=\"og:image:height\" content=\"400\" \/>\n\t<meta property=\"og:image:type\" content=\"image\/jpeg\" \/>\n<meta name=\"twitter:card\" content=\"summary_large_image\" \/>\n<meta name=\"twitter:label1\" content=\"Tempo di lettura stimato\" \/>\n\t<meta name=\"twitter:data1\" content=\"4 minuti\" \/>\n<script type=\"application\/ld+json\" class=\"yoast-schema-graph\">{\"@context\":\"https:\/\/schema.org\",\"@graph\":[{\"@type\":\"WebPage\",\"@id\":\"https:\/\/casaisabella.si\/it\/posizione\/\",\"url\":\"https:\/\/casaisabella.si\/it\/posizione\/\",\"name\":\"Casa Isabella B&B Koper\",\"isPartOf\":{\"@id\":\"https:\/\/casaisabella.si\/it\/#website\"},\"primaryImageOfPage\":{\"@id\":\"https:\/\/casaisabella.si\/it\/posizione\/#primaryimage\"},\"image\":{\"@id\":\"https:\/\/casaisabella.si\/it\/posizione\/#primaryimage\"},\"thumbnailUrl\":\"https:\/\/casaisabella.si\/wp-content\/uploads\/2020\/08\/IMG_20200122_165445_108.jpg\",\"datePublished\":\"2021-02-15T12:33:50+00:00\",\"dateModified\":\"2021-02-15T12:35:37+00:00\",\"description\":\"La vita pu\u00f2 essere come l'uva Isabella. Fresca e succosa tutto il tempo. . Casa Isabella B&B Koper\",\"breadcrumb\":{\"@id\":\"https:\/\/casaisabella.si\/it\/posizione\/#breadcrumb\"},\"inLanguage\":\"it-IT\",\"potentialAction\":[{\"@type\":\"ReadAction\",\"target\":[\"https:\/\/casaisabella.si\/it\/posizione\/\"]}]},{\"@type\":\"ImageObject\",\"inLanguage\":\"it-IT\",\"@id\":\"https:\/\/casaisabella.si\/it\/posizione\/#primaryimage\",\"url\":\"https:\/\/casaisabella.si\/wp-content\/uploads\/2020\/08\/IMG_20200122_165445_108.jpg\",\"contentUrl\":\"https:\/\/casaisabella.si\/wp-content\/uploads\/2020\/08\/IMG_20200122_165445_108.jpg\",\"width\":400,\"height\":400},{\"@type\":\"BreadcrumbList\",\"@id\":\"https:\/\/casaisabella.si\/it\/posizione\/#breadcrumb\",\"itemListElement\":[{\"@type\":\"ListItem\",\"position\":1,\"name\":\"Home\",\"item\":\"https:\/\/casaisabella.si\/it\/\"},{\"@type\":\"ListItem\",\"position\":2,\"name\":\"Posizione\"}]},{\"@type\":\"WebSite\",\"@id\":\"https:\/\/casaisabella.si\/it\/#website\",\"url\":\"https:\/\/casaisabella.si\/it\/\",\"name\":\"Casa Isabella B&amp;B\",\"description\":\"In the heart of Koper City\",\"potentialAction\":[{\"@type\":\"SearchAction\",\"target\":{\"@type\":\"EntryPoint\",\"urlTemplate\":\"https:\/\/casaisabella.si\/it\/?s={search_term_string}\"},\"query-input\":{\"@type\":\"PropertyValueSpecification\",\"valueRequired\":true,\"valueName\":\"search_term_string\"}}],\"inLanguage\":\"it-IT\"}]}<\/script>\n<!-- \/ Yoast SEO plugin. -->","yoast_head_json":{"title":"Casa Isabella B&B Koper","description":"La vita pu\u00f2 essere come l'uva Isabella. Fresca e succosa tutto il tempo. . Casa Isabella B&B Koper","robots":{"index":"index","follow":"follow","max-snippet":"max-snippet:-1","max-image-preview":"max-image-preview:large","max-video-preview":"max-video-preview:-1"},"canonical":"https:\/\/casaisabella.si\/it\/posizione\/","og_locale":"it_IT","og_type":"article","og_title":"Casa Isabella B&B Koper","og_description":"La vita pu\u00f2 essere come l'uva Isabella. Fresca e succosa tutto il tempo. . Casa Isabella B&B Koper","og_url":"https:\/\/casaisabella.si\/it\/posizione\/","og_site_name":"Casa Isabella B&amp;B","article_modified_time":"2021-02-15T12:35:37+00:00","og_image":[{"width":400,"height":400,"url":"https:\/\/casaisabella.si\/wp-content\/uploads\/2020\/08\/IMG_20200122_165445_108.jpg","type":"image\/jpeg"}],"twitter_card":"summary_large_image","twitter_misc":{"Tempo di lettura stimato":"4 minuti"},"schema":{"@context":"https:\/\/schema.org","@graph":[{"@type":"WebPage","@id":"https:\/\/casaisabella.si\/it\/posizione\/","url":"https:\/\/casaisabella.si\/it\/posizione\/","name":"Casa Isabella B&B Koper","isPartOf":{"@id":"https:\/\/casaisabella.si\/it\/#website"},"primaryImageOfPage":{"@id":"https:\/\/casaisabella.si\/it\/posizione\/#primaryimage"},"image":{"@id":"https:\/\/casaisabella.si\/it\/posizione\/#primaryimage"},"thumbnailUrl":"https:\/\/casaisabella.si\/wp-content\/uploads\/2020\/08\/IMG_20200122_165445_108.jpg","datePublished":"2021-02-15T12:33:50+00:00","dateModified":"2021-02-15T12:35:37+00:00","description":"La vita pu\u00f2 essere come l'uva Isabella. Fresca e succosa tutto il tempo. . Casa Isabella B&B Koper","breadcrumb":{"@id":"https:\/\/casaisabella.si\/it\/posizione\/#breadcrumb"},"inLanguage":"it-IT","potentialAction":[{"@type":"ReadAction","target":["https:\/\/casaisabella.si\/it\/posizione\/"]}]},{"@type":"ImageObject","inLanguage":"it-IT","@id":"https:\/\/casaisabella.si\/it\/posizione\/#primaryimage","url":"https:\/\/casaisabella.si\/wp-content\/uploads\/2020\/08\/IMG_20200122_165445_108.jpg","contentUrl":"https:\/\/casaisabella.si\/wp-content\/uploads\/2020\/08\/IMG_20200122_165445_108.jpg","width":400,"height":400},{"@type":"BreadcrumbList","@id":"https:\/\/casaisabella.si\/it\/posizione\/#breadcrumb","itemListElement":[{"@type":"ListItem","position":1,"name":"Home","item":"https:\/\/casaisabella.si\/it\/"},{"@type":"ListItem","position":2,"name":"Posizione"}]},{"@type":"WebSite","@id":"https:\/\/casaisabella.si\/it\/#website","url":"https:\/\/casaisabella.si\/it\/","name":"Casa Isabella B&amp;B","description":"In the heart of Koper City","potentialAction":[{"@type":"SearchAction","target":{"@type":"EntryPoint","urlTemplate":"https:\/\/casaisabella.si\/it\/?s={search_term_string}"},"query-input":{"@type":"PropertyValueSpecification","valueRequired":true,"valueName":"search_term_string"}}],"inLanguage":"it-IT"}]}},"_links":{"self":[{"href":"https:\/\/casaisabella.si\/it\/wp-json\/wp\/v2\/pages\/1584","targetHints":{"allow":["GET"]}}],"collection":[{"href":"https:\/\/casaisabella.si\/it\/wp-json\/wp\/v2\/pages"}],"about":[{"href":"https:\/\/casaisabella.si\/it\/wp-json\/wp\/v2\/types\/page"}],"author":[{"embeddable":true,"href":"https:\/\/casaisabella.si\/it\/wp-json\/wp\/v2\/users\/1"}],"replies":[{"embeddable":true,"href":"https:\/\/casaisabella.si\/it\/wp-json\/wp\/v2\/comments?post=1584"}],"version-history":[{"count":0,"href":"https:\/\/casaisabella.si\/it\/wp-json\/wp\/v2\/pages\/1584\/revisions"}],"wp:featuredmedia":[{"embeddable":true,"href":"https:\/\/casaisabella.si\/it\/wp-json\/wp\/v2\/media\/1587"}],"wp:attachment":[{"href":"https:\/\/casaisabella.si\/it\/wp-json\/wp\/v2\/media?parent=1584"}],"curies":[{"name":"wp","href":"https:\/\/api.w.org\/{rel}","templated":true}]}}