{"id":1515,"date":"2021-02-15T12:25:34","date_gmt":"2021-02-15T12:25:34","guid":{"rendered":"https:\/\/casaisabella.si\/camera-doppia-superior\/"},"modified":"2024-07-05T06:06:51","modified_gmt":"2024-07-05T06:06:51","slug":"camera-doppia-superior","status":"publish","type":"page","link":"https:\/\/casaisabella.si\/it\/camere\/camera-doppia-superior\/","title":{"rendered":"Camera doppia Superior"},"content":{"rendered":"<p>[et_pb_section fb_built=&#8221;1&#8243; _builder_version=&#8221;4.16&#8243; custom_padding=&#8221;0px|0px|0|0px|false|false&#8221; global_colors_info=&#8221;{}&#8221;][et_pb_row column_structure=&#8221;3_5,2_5&#8243; use_custom_gutter=&#8221;on&#8221; gutter_width=&#8221;1&#8243; make_equal=&#8221;on&#8221; module_class=&#8221; et_pb_row_fullwidth&#8221; _builder_version=&#8221;4.16&#8243; width=&#8221;100%&#8221; width_tablet=&#8221;100%&#8221; width_phone=&#8221;100%&#8221; width_last_edited=&#8221;on|desktop&#8221; max_width=&#8221;100%&#8221; max_width_tablet=&#8221;100%&#8221; max_width_phone=&#8221;100%&#8221; max_width_last_edited=&#8221;on|desktop&#8221; custom_padding=&#8221;0|0px|0|0px|false|false&#8221; make_fullwidth=&#8221;on&#8221; global_colors_info=&#8221;{}&#8221;][et_pb_column type=&#8221;3_5&#8243; _builder_version=&#8221;4.16&#8243; background_color_gradient_direction=&#8221;259deg&#8221; background_color_gradient_start=&#8221;#232323&#8243; background_color_gradient_start_position=&#8221;13%&#8221; background_color_gradient_end=&#8221;rgba(41,196,169,0)&#8221; background_color_gradient_end_position=&#8221;3%&#8221; background_image=&#8221;https:\/\/casaisabella.si\/wp-content\/uploads\/2020\/08\/Double-Superiore-Cassa-Isabella5.jpg&#8221; custom_padding=&#8221;|||&#8221; global_colors_info=&#8221;{}&#8221; custom_padding__hover=&#8221;|||&#8221;][et_pb_text _builder_version=&#8221;4.16&#8243; custom_padding=&#8221;300px||&#8221; global_colors_info=&#8221;{}&#8221;][\/et_pb_text][\/et_pb_column][et_pb_column type=&#8221;2_5&#8243; _builder_version=&#8221;4.16&#8243; background_color=&#8221;#262626&#8243; background_color_gradient_direction=&#8221;99deg&#8221; background_color_gradient_start=&#8221;#232323&#8243; background_color_gradient_start_position=&#8221;16%&#8221; background_color_gradient_end=&#8221;rgba(41,196,169,0)&#8221; background_color_gradient_end_position=&#8221;0%&#8221; parallax=&#8221;on&#8221; custom_padding=&#8221;|||&#8221; global_colors_info=&#8221;{}&#8221; custom_padding__hover=&#8221;|||&#8221;][et_pb_text _builder_version=&#8221;4.16&#8243; text_font=&#8221;||||||||&#8221; text_line_height=&#8221;1.4em&#8221; header_font=&#8221;||||||||&#8221; header_text_align=&#8221;left&#8221; header_text_color=&#8221;#ffffff&#8221; header_font_size=&#8221;55px&#8221; header_line_height=&#8221;70px&#8221; header_2_font=&#8221;||||||||&#8221; header_2_text_color=&#8221;#ffffff&#8221; header_3_font=&#8221;||||||||&#8221; header_3_font_size=&#8221;44px&#8221; custom_margin=&#8221;100px|40px|10px|100px|false|false&#8221; custom_margin_tablet=&#8221;&#8221; custom_margin_phone=&#8221;100px|30px|100px|50px&#8221; custom_margin_last_edited=&#8221;on|phone&#8221; header_font_size_tablet=&#8221;&#8221; header_font_size_phone=&#8221;47px&#8221; header_font_size_last_edited=&#8221;on|phone&#8221; header_line_height_tablet=&#8221;&#8221; header_line_height_phone=&#8221;30px&#8221; header_line_height_last_edited=&#8221;on|phone&#8221; global_colors_info=&#8221;{}&#8221;]<\/p>\n<h1 style=\"text-align: left\">Camera doppia Superior<\/h1>\n<p>&nbsp;<\/p>\n<h2><\/h2>\n<p>&nbsp;<\/p>\n<h2><img loading=\"lazy\" decoding=\"async\" src=\"https:\/\/casaisabella.si\/wp-content\/uploads\/2020\/08\/real-estate1.png\" alt=\"\" class=\"wp-image-1022 alignnone size-full\" width=\"19\" height=\"19\"> 16 m2<\/h2>\n<div class=\"appartment-bed-types-wrapper \">\n<p><span style=\"color: #ffffff\"> <strong> Zona notte: <\/strong> 1 letto matrimoniale<\/span><span><span style=\"color: #ffffff\"><\/span> <\/span><\/p>\n<p><span><span style=\"color: #ffffff\"><\/span><\/span><\/p>\n<\/div>\n<p><img loading=\"lazy\" decoding=\"async\" src=\"https:\/\/casaisabella.si\/wp-content\/uploads\/2020\/08\/monitor.png\" alt=\"\" class=\"wp-image-1023 alignnone size-full\" width=\"24\" height=\"24\">    <img loading=\"lazy\" decoding=\"async\" src=\"https:\/\/casaisabella.si\/wp-content\/uploads\/2020\/08\/wifi.png\" alt=\"\" class=\"wp-image-1024 alignnone size-full\" width=\"24\" height=\"24\">    <img loading=\"lazy\" decoding=\"async\" src=\"https:\/\/casaisabella.si\/wp-content\/uploads\/2020\/08\/no-smoking.png\" alt=\"\" class=\"wp-image-1025 alignnone size-full\" width=\"24\" height=\"24\"><\/p>\n<p>&nbsp;<\/p>\n<p>&nbsp;<\/p>\n<p>[\/et_pb_text][et_pb_button button_url=&#8221;https:\/\/casaisabella.si\/book-now\/&#8221; button_text=&#8221;Richiesta&#8221; _builder_version=&#8221;4.24.0&#8243; custom_button=&#8221;on&#8221; button_text_size=&#8221;18px&#8221; button_font=&#8221;||||||||&#8221; button_use_icon=&#8221;off&#8221; custom_margin=&#8221;20px||20px|100px||&#8221; custom_margin_tablet=&#8221;&#8221; custom_margin_phone=&#8221;0px|||50px&#8221; custom_margin_last_edited=&#8221;on|phone&#8221; global_colors_info=&#8221;{}&#8221;][\/et_pb_button][\/et_pb_column][\/et_pb_row][\/et_pb_section][et_pb_section fb_built=&#8221;1&#8243; _builder_version=&#8221;4.16&#8243; custom_padding=&#8221;0|0px|0|0px|false|false&#8221; global_colors_info=&#8221;{}&#8221;][et_pb_row column_structure=&#8221;1_5,1_5,1_5,1_5,1_5&#8243; use_custom_gutter=&#8221;on&#8221; gutter_width=&#8221;1&#8243; make_equal=&#8221;on&#8221; module_class=&#8221; et_pb_row_fullwidth&#8221; _builder_version=&#8221;4.16&#8243; width=&#8221;100%&#8221; width_tablet=&#8221;100%&#8221; width_phone=&#8221;100%&#8221; width_last_edited=&#8221;on|desktop&#8221; max_width=&#8221;100%&#8221; max_width_tablet=&#8221;100%&#8221; max_width_phone=&#8221;100%&#8221; max_width_last_edited=&#8221;on|desktop&#8221; custom_padding=&#8221;0|0px|0|0px|false|false&#8221; make_fullwidth=&#8221;on&#8221; global_colors_info=&#8221;{}&#8221;][et_pb_column type=&#8221;1_5&#8243; _builder_version=&#8221;4.16&#8243; background_image=&#8221;https:\/\/casaisabella.si\/wp-content\/uploads\/2020\/08\/Double-Superiore-Cassa-Isabella2.jpg&#8221; custom_padding=&#8221;300px|||&#8221; global_colors_info=&#8221;{}&#8221; custom_padding__hover=&#8221;|||&#8221;][et_pb_text _builder_version=&#8221;4.16&#8243; custom_margin=&#8221;300px||&#8221; global_colors_info=&#8221;{}&#8221;][\/et_pb_text][\/et_pb_column][et_pb_column type=&#8221;1_5&#8243; _builder_version=&#8221;4.16&#8243; background_image=&#8221;https:\/\/casaisabella.si\/wp-content\/uploads\/2020\/08\/Double-Superiore-Cassa-Isabella1.jpg&#8221; custom_padding=&#8221;300px|||&#8221; global_colors_info=&#8221;{}&#8221; custom_padding__hover=&#8221;|||&#8221;][et_pb_text _builder_version=&#8221;4.16&#8243; custom_margin=&#8221;300px||&#8221; global_colors_info=&#8221;{}&#8221;][\/et_pb_text][\/et_pb_column][et_pb_column type=&#8221;1_5&#8243; _builder_version=&#8221;4.16&#8243; background_image=&#8221;https:\/\/casaisabella.si\/wp-content\/uploads\/2020\/08\/Double-Superiore-Cassa-Isabella3.jpg&#8221; custom_padding=&#8221;300px|||&#8221; global_colors_info=&#8221;{}&#8221; custom_padding__hover=&#8221;|||&#8221;][et_pb_text _builder_version=&#8221;4.16&#8243; global_colors_info=&#8221;{}&#8221;][\/et_pb_text][\/et_pb_column][et_pb_column type=&#8221;1_5&#8243; _builder_version=&#8221;4.16&#8243; background_image=&#8221;https:\/\/casaisabella.si\/wp-content\/uploads\/2020\/08\/Double-Superiore-Cassa-Isabella4.jpg&#8221; custom_padding=&#8221;300px|||&#8221; global_colors_info=&#8221;{}&#8221; custom_padding__hover=&#8221;|||&#8221;][et_pb_text _builder_version=&#8221;4.16&#8243; custom_margin=&#8221;300px||&#8221; global_colors_info=&#8221;{}&#8221;][\/et_pb_text][\/et_pb_column][et_pb_column type=&#8221;1_5&#8243; _builder_version=&#8221;4.16&#8243; background_image=&#8221;https:\/\/casaisabella.si\/wp-content\/uploads\/2020\/08\/Double-Superiore-Cassa-Isabella5.jpg&#8221; custom_padding=&#8221;300px|||&#8221; global_colors_info=&#8221;{}&#8221; custom_padding__hover=&#8221;|||&#8221;][\/et_pb_column][\/et_pb_row][\/et_pb_section][et_pb_section fb_built=&#8221;1&#8243; _builder_version=&#8221;4.16&#8243; background_color=&#8221;#232323&#8243; saved_tabs=&#8221;all&#8221; global_colors_info=&#8221;{}&#8221;][et_pb_row column_structure=&#8221;1_3,1_3,1_3&#8243; _builder_version=&#8221;4.16&#8243; global_colors_info=&#8221;{}&#8221;][et_pb_column type=&#8221;1_3&#8243; _builder_version=&#8221;4.16&#8243; custom_padding=&#8221;|||&#8221; global_colors_info=&#8221;{}&#8221; custom_padding__hover=&#8221;|||&#8221;][et_pb_image src=&#8221;https:\/\/casaisabella.si\/wp-content\/uploads\/2020\/07\/logo-white.png&#8221; _builder_version=&#8221;4.16&#8243; max_width=&#8221;60%&#8221; always_center_on_mobile=&#8221;off&#8221; global_colors_info=&#8221;{}&#8221;][\/et_pb_image][\/et_pb_column][et_pb_column type=&#8221;1_3&#8243; _builder_version=&#8221;4.16&#8243; custom_padding=&#8221;|||&#8221; global_colors_info=&#8221;{}&#8221; custom_padding__hover=&#8221;|||&#8221;][\/et_pb_column][et_pb_column type=&#8221;1_3&#8243; _builder_version=&#8221;4.16&#8243; custom_padding=&#8221;|||&#8221; global_colors_info=&#8221;{}&#8221; custom_padding__hover=&#8221;|||&#8221;][et_pb_text _builder_version=&#8221;4.16&#8243; text_font=&#8221;||||||||&#8221; text_text_color=&#8221;#ffffff&#8221; text_font_size=&#8221;14px&#8221; global_colors_info=&#8221;{}&#8221;]<\/p>\n<p><span style=\"color: #ffffff\"><strong>Tel<\/strong>: +386 41 504 871<\/span><br \/> <span style=\"color: #ffffff\"> <strong> Email<\/strong>: <a href=\"mailto:info@casaisabella.si\" style=\"color: #ffffff\">info@casaisabella.si<\/a><\/span><br \/> <span style=\"color: #ffffff\"> <strong> Indirizzo:<\/strong>: Cankarjeva ulica 23, 6000 Koper<\/span><\/p>\n<p>[\/et_pb_text][et_pb_button button_url=&#8221;https:\/\/www.google.com\/maps?q=Casa+Isabella+B%26B&#038;ftid=0x477b689384405535:0x1e68638a09cd3d12&#8243; url_new_window=&#8221;on&#8221; button_text=&#8221;Mostra sulla mappa&#8221; button_alignment=&#8221;left&#8221; _builder_version=&#8221;4.16&#8243; global_colors_info=&#8221;{}&#8221;][\/et_pb_button][et_pb_social_media_follow _builder_version=&#8221;4.16&#8243; global_colors_info=&#8221;{}&#8221;][et_pb_social_media_follow_network social_network=&#8221;facebook&#8221; url=&#8221;https:\/\/www.facebook.com\/Casa-Isabella-614112892577465\/?modal=admin_todo_tour&#8221; _builder_version=&#8221;4.16&#8243; global_colors_info=&#8221;{}&#8221; follow_button=&#8221;off&#8221; url_new_window=&#8221;on&#8221;]facebook[\/et_pb_social_media_follow_network][et_pb_social_media_follow_network social_network=&#8221;instagram&#8221; url=&#8221;https:\/\/instagram.com\/casa_isabella_koper?r=nametag&#8221; _builder_version=&#8221;4.16&#8243; global_colors_info=&#8221;{}&#8221; follow_button=&#8221;off&#8221; url_new_window=&#8221;on&#8221;]instagram[\/et_pb_social_media_follow_network][\/et_pb_social_media_follow][\/et_pb_column][\/et_pb_row][\/et_pb_section]<\/p>\n","protected":false},"excerpt":{"rendered":"<p>La camera doppia Superior \u00e8 dotata di bagno privato, TV via cavo, aria condizionata e WiFi. La macchina per t\u00e8 e caff\u00e8 \u00e8 disponibile gratuitamente tutto il giorno nel area comune della sala colazione.<\/p>\n","protected":false},"author":1,"featured_media":1521,"parent":1606,"menu_order":0,"comment_status":"closed","ping_status":"closed","template":"","meta":{"_et_pb_use_builder":"on","_et_pb_old_content":"","_et_gb_content_width":"","footnotes":""},"class_list":["post-1515","page","type-page","status-publish","has-post-thumbnail","hentry"],"yoast_head":"<!-- This site is optimized with the Yoast SEO plugin v26.8 - https:\/\/yoast.com\/product\/yoast-seo-wordpress\/ -->\n<title>Camera doppia Superior - Casa Isabella B&amp;B Koper<\/title>\n<meta name=\"description\" content=\"La camera doppia Superior \u00e8 dotata di bagno privato, TV via cavo, aria condizionata e WiFi. La macchina per t\u00e8 e caff\u00e8 \u00e8 disponibile gratuitamente tutto il giorno nel area comune della sala colazione. .\" \/>\n<meta name=\"robots\" content=\"index, follow, max-snippet:-1, max-image-preview:large, max-video-preview:-1\" \/>\n<link rel=\"canonical\" href=\"https:\/\/casaisabella.si\/it\/camere\/camera-doppia-superior\/\" \/>\n<meta property=\"og:locale\" content=\"it_IT\" \/>\n<meta property=\"og:type\" content=\"article\" \/>\n<meta property=\"og:title\" content=\"Camera doppia Superior - Casa Isabella B&amp;B Koper\" \/>\n<meta property=\"og:description\" content=\"La camera doppia Superior \u00e8 dotata di bagno privato, TV via cavo, aria condizionata e WiFi. La macchina per t\u00e8 e caff\u00e8 \u00e8 disponibile gratuitamente tutto il giorno nel area comune della sala colazione. .\" \/>\n<meta property=\"og:url\" content=\"https:\/\/casaisabella.si\/it\/camere\/camera-doppia-superior\/\" \/>\n<meta property=\"og:site_name\" content=\"Casa Isabella B&amp;B\" \/>\n<meta property=\"article:modified_time\" content=\"2024-07-05T06:06:51+00:00\" \/>\n<meta property=\"og:image\" content=\"https:\/\/casaisabella.si\/wp-content\/uploads\/2020\/08\/Double-Superiore-Cassa-Isabella3.jpg\" \/>\n\t<meta property=\"og:image:width\" content=\"1200\" \/>\n\t<meta property=\"og:image:height\" content=\"900\" \/>\n\t<meta property=\"og:image:type\" content=\"image\/jpeg\" \/>\n<meta name=\"twitter:card\" content=\"summary_large_image\" \/>\n<meta name=\"twitter:label1\" content=\"Tempo di lettura stimato\" \/>\n\t<meta name=\"twitter:data1\" content=\"4 minuti\" \/>\n<script type=\"application\/ld+json\" class=\"yoast-schema-graph\">{\"@context\":\"https:\/\/schema.org\",\"@graph\":[{\"@type\":\"WebPage\",\"@id\":\"https:\/\/casaisabella.si\/it\/camere\/camera-doppia-superior\/\",\"url\":\"https:\/\/casaisabella.si\/it\/camere\/camera-doppia-superior\/\",\"name\":\"Camera doppia Superior - Casa Isabella B&B Koper\",\"isPartOf\":{\"@id\":\"https:\/\/casaisabella.si\/it\/#website\"},\"primaryImageOfPage\":{\"@id\":\"https:\/\/casaisabella.si\/it\/camere\/camera-doppia-superior\/#primaryimage\"},\"image\":{\"@id\":\"https:\/\/casaisabella.si\/it\/camere\/camera-doppia-superior\/#primaryimage\"},\"thumbnailUrl\":\"https:\/\/casaisabella.si\/wp-content\/uploads\/2020\/08\/Double-Superiore-Cassa-Isabella3.jpg\",\"datePublished\":\"2021-02-15T12:25:34+00:00\",\"dateModified\":\"2024-07-05T06:06:51+00:00\",\"description\":\"La camera doppia Superior \u00e8 dotata di bagno privato, TV via cavo, aria condizionata e WiFi. La macchina per t\u00e8 e caff\u00e8 \u00e8 disponibile gratuitamente tutto il giorno nel area comune della sala colazione. .\",\"breadcrumb\":{\"@id\":\"https:\/\/casaisabella.si\/it\/camere\/camera-doppia-superior\/#breadcrumb\"},\"inLanguage\":\"it-IT\",\"potentialAction\":[{\"@type\":\"ReadAction\",\"target\":[\"https:\/\/casaisabella.si\/it\/camere\/camera-doppia-superior\/\"]}]},{\"@type\":\"ImageObject\",\"inLanguage\":\"it-IT\",\"@id\":\"https:\/\/casaisabella.si\/it\/camere\/camera-doppia-superior\/#primaryimage\",\"url\":\"https:\/\/casaisabella.si\/wp-content\/uploads\/2020\/08\/Double-Superiore-Cassa-Isabella3.jpg\",\"contentUrl\":\"https:\/\/casaisabella.si\/wp-content\/uploads\/2020\/08\/Double-Superiore-Cassa-Isabella3.jpg\",\"width\":1200,\"height\":900},{\"@type\":\"BreadcrumbList\",\"@id\":\"https:\/\/casaisabella.si\/it\/camere\/camera-doppia-superior\/#breadcrumb\",\"itemListElement\":[{\"@type\":\"ListItem\",\"position\":1,\"name\":\"Home\",\"item\":\"https:\/\/casaisabella.si\/it\/\"},{\"@type\":\"ListItem\",\"position\":2,\"name\":\"Camere\",\"item\":\"https:\/\/casaisabella.si\/it\/camere\/\"},{\"@type\":\"ListItem\",\"position\":3,\"name\":\"Camera doppia Superior\"}]},{\"@type\":\"WebSite\",\"@id\":\"https:\/\/casaisabella.si\/it\/#website\",\"url\":\"https:\/\/casaisabella.si\/it\/\",\"name\":\"Casa Isabella B&amp;B\",\"description\":\"In the heart of Koper City\",\"potentialAction\":[{\"@type\":\"SearchAction\",\"target\":{\"@type\":\"EntryPoint\",\"urlTemplate\":\"https:\/\/casaisabella.si\/it\/?s={search_term_string}\"},\"query-input\":{\"@type\":\"PropertyValueSpecification\",\"valueRequired\":true,\"valueName\":\"search_term_string\"}}],\"inLanguage\":\"it-IT\"}]}<\/script>\n<!-- \/ Yoast SEO plugin. -->","yoast_head_json":{"title":"Camera doppia Superior - Casa Isabella B&B Koper","description":"La camera doppia Superior \u00e8 dotata di bagno privato, TV via cavo, aria condizionata e WiFi. La macchina per t\u00e8 e caff\u00e8 \u00e8 disponibile gratuitamente tutto il giorno nel area comune della sala colazione. .","robots":{"index":"index","follow":"follow","max-snippet":"max-snippet:-1","max-image-preview":"max-image-preview:large","max-video-preview":"max-video-preview:-1"},"canonical":"https:\/\/casaisabella.si\/it\/camere\/camera-doppia-superior\/","og_locale":"it_IT","og_type":"article","og_title":"Camera doppia Superior - Casa Isabella B&B Koper","og_description":"La camera doppia Superior \u00e8 dotata di bagno privato, TV via cavo, aria condizionata e WiFi. La macchina per t\u00e8 e caff\u00e8 \u00e8 disponibile gratuitamente tutto il giorno nel area comune della sala colazione. .","og_url":"https:\/\/casaisabella.si\/it\/camere\/camera-doppia-superior\/","og_site_name":"Casa Isabella B&amp;B","article_modified_time":"2024-07-05T06:06:51+00:00","og_image":[{"width":1200,"height":900,"url":"https:\/\/casaisabella.si\/wp-content\/uploads\/2020\/08\/Double-Superiore-Cassa-Isabella3.jpg","type":"image\/jpeg"}],"twitter_card":"summary_large_image","twitter_misc":{"Tempo di lettura stimato":"4 minuti"},"schema":{"@context":"https:\/\/schema.org","@graph":[{"@type":"WebPage","@id":"https:\/\/casaisabella.si\/it\/camere\/camera-doppia-superior\/","url":"https:\/\/casaisabella.si\/it\/camere\/camera-doppia-superior\/","name":"Camera doppia Superior - Casa Isabella B&B Koper","isPartOf":{"@id":"https:\/\/casaisabella.si\/it\/#website"},"primaryImageOfPage":{"@id":"https:\/\/casaisabella.si\/it\/camere\/camera-doppia-superior\/#primaryimage"},"image":{"@id":"https:\/\/casaisabella.si\/it\/camere\/camera-doppia-superior\/#primaryimage"},"thumbnailUrl":"https:\/\/casaisabella.si\/wp-content\/uploads\/2020\/08\/Double-Superiore-Cassa-Isabella3.jpg","datePublished":"2021-02-15T12:25:34+00:00","dateModified":"2024-07-05T06:06:51+00:00","description":"La camera doppia Superior \u00e8 dotata di bagno privato, TV via cavo, aria condizionata e WiFi. La macchina per t\u00e8 e caff\u00e8 \u00e8 disponibile gratuitamente tutto il giorno nel area comune della sala colazione. .","breadcrumb":{"@id":"https:\/\/casaisabella.si\/it\/camere\/camera-doppia-superior\/#breadcrumb"},"inLanguage":"it-IT","potentialAction":[{"@type":"ReadAction","target":["https:\/\/casaisabella.si\/it\/camere\/camera-doppia-superior\/"]}]},{"@type":"ImageObject","inLanguage":"it-IT","@id":"https:\/\/casaisabella.si\/it\/camere\/camera-doppia-superior\/#primaryimage","url":"https:\/\/casaisabella.si\/wp-content\/uploads\/2020\/08\/Double-Superiore-Cassa-Isabella3.jpg","contentUrl":"https:\/\/casaisabella.si\/wp-content\/uploads\/2020\/08\/Double-Superiore-Cassa-Isabella3.jpg","width":1200,"height":900},{"@type":"BreadcrumbList","@id":"https:\/\/casaisabella.si\/it\/camere\/camera-doppia-superior\/#breadcrumb","itemListElement":[{"@type":"ListItem","position":1,"name":"Home","item":"https:\/\/casaisabella.si\/it\/"},{"@type":"ListItem","position":2,"name":"Camere","item":"https:\/\/casaisabella.si\/it\/camere\/"},{"@type":"ListItem","position":3,"name":"Camera doppia Superior"}]},{"@type":"WebSite","@id":"https:\/\/casaisabella.si\/it\/#website","url":"https:\/\/casaisabella.si\/it\/","name":"Casa Isabella B&amp;B","description":"In the heart of Koper City","potentialAction":[{"@type":"SearchAction","target":{"@type":"EntryPoint","urlTemplate":"https:\/\/casaisabella.si\/it\/?s={search_term_string}"},"query-input":{"@type":"PropertyValueSpecification","valueRequired":true,"valueName":"search_term_string"}}],"inLanguage":"it-IT"}]}},"_links":{"self":[{"href":"https:\/\/casaisabella.si\/it\/wp-json\/wp\/v2\/pages\/1515","targetHints":{"allow":["GET"]}}],"collection":[{"href":"https:\/\/casaisabella.si\/it\/wp-json\/wp\/v2\/pages"}],"about":[{"href":"https:\/\/casaisabella.si\/it\/wp-json\/wp\/v2\/types\/page"}],"author":[{"embeddable":true,"href":"https:\/\/casaisabella.si\/it\/wp-json\/wp\/v2\/users\/1"}],"replies":[{"embeddable":true,"href":"https:\/\/casaisabella.si\/it\/wp-json\/wp\/v2\/comments?post=1515"}],"version-history":[{"count":0,"href":"https:\/\/casaisabella.si\/it\/wp-json\/wp\/v2\/pages\/1515\/revisions"}],"up":[{"embeddable":true,"href":"https:\/\/casaisabella.si\/it\/wp-json\/wp\/v2\/pages\/1606"}],"wp:featuredmedia":[{"embeddable":true,"href":"https:\/\/casaisabella.si\/it\/wp-json\/wp\/v2\/media\/1521"}],"wp:attachment":[{"href":"https:\/\/casaisabella.si\/it\/wp-json\/wp\/v2\/media?parent=1515"}],"curies":[{"name":"wp","href":"https:\/\/api.w.org\/{rel}","templated":true}]}}